{"id":4910,"date":"2025-04-30T10:18:38","date_gmt":"2025-04-30T08:18:38","guid":{"rendered":"https:\/\/cdtt34.fr\/?page_id=4910"},"modified":"2025-04-30T10:24:44","modified_gmt":"2025-04-30T08:24:44","slug":"tournoi-de-perols-2025","status":"publish","type":"page","link":"https:\/\/cdtt34.fr\/index.php\/tournois\/tournoi-de-perols-2025\/","title":{"rendered":"Tournoi de P\u00e9rols 2025"},"content":{"rendered":"\t\t<div data-elementor-type=\"wp-page\" data-elementor-id=\"4910\" class=\"elementor elementor-4910\">\n\t\t\t\t\t\t<section class=\"elementor-section elementor-top-section elementor-element elementor-element-a35019c elementor-section-boxed elementor-section-height-default elementor-section-height-default\" data-id=\"a35019c\" data-element_type=\"section\">\n\t\t\t\t\t\t<div class=\"elementor-container elementor-column-gap-default\">\n\t\t\t\t\t<div class=\"elementor-column elementor-col-100 elementor-top-column elementor-element elementor-element-5158403\" data-id=\"5158403\" data-element_type=\"column\">\n\t\t\t<div class=\"elementor-widget-wrap elementor-element-populated\">\n\t\t\t\t\t\t<div class=\"elementor-element elementor-element-0efa172 elementor-widget elementor-widget-image\" data-id=\"0efa172\" data-element_type=\"widget\" data-widget_type=\"image.default\">\n\t\t\t\t<div class=\"elementor-widget-container\">\n\t\t\t\t\t\t\t\t\t\t\t\t\t\t\t<img fetchpriority=\"high\" decoding=\"async\" width=\"707\" height=\"1024\" src=\"https:\/\/cdtt34.fr\/wp-content\/uploads\/2025\/04\/image-707x1024.png\" class=\"attachment-large size-large wp-image-4915\" alt=\"\" srcset=\"https:\/\/cdtt34.fr\/wp-content\/uploads\/2025\/04\/image-707x1024.png 707w, https:\/\/cdtt34.fr\/wp-content\/uploads\/2025\/04\/image-207x300.png 207w, https:\/\/cdtt34.fr\/wp-content\/uploads\/2025\/04\/image-768x1112.png 768w, https:\/\/cdtt34.fr\/wp-content\/uploads\/2025\/04\/image.png 980w\" sizes=\"(max-width: 707px) 100vw, 707px\" \/>\t\t\t\t\t\t\t\t\t\t\t\t\t\t\t<\/div>\n\t\t\t\t<\/div>\n\t\t\t\t\t<\/div>\n\t\t<\/div>\n\t\t\t\t\t<\/div>\n\t\t<\/section>\n\t\t\t\t<section class=\"elementor-section elementor-top-section elementor-element elementor-element-bc38311 elementor-section-boxed elementor-section-height-default elementor-section-height-default\" data-id=\"bc38311\" data-element_type=\"section\">\n\t\t\t\t\t\t<div class=\"elementor-container elementor-column-gap-default\">\n\t\t\t\t\t<div class=\"elementor-column elementor-col-100 elementor-top-column elementor-element elementor-element-0bfe391\" data-id=\"0bfe391\" data-element_type=\"column\">\n\t\t\t<div class=\"elementor-widget-wrap elementor-element-populated\">\n\t\t\t\t\t\t<div class=\"elementor-element elementor-element-4895840 elementor-widget elementor-widget-text-editor\" data-id=\"4895840\" data-element_type=\"widget\" data-widget_type=\"text-editor.default\">\n\t\t\t\t<div class=\"elementor-widget-container\">\n\t\t\t\t\t\t\t\t\t<div><p><span style=\"color: #ffffff;\">Quelques infos \u00e0 propos du tournoi de P\u00e9rols :<\/span><\/p><p><span style=\"color: #ffffff;\">Un tableau -11 (Poussins et benjamins), ouvert aux licenci\u00e9s tradi <u>et promo<\/u> (seuls les matchs entre licences comp\u00e9titions seront remont\u00e9s sur SPID)<\/span><\/p><\/div><div><span style=\"color: #ffffff;\">Un tableau -13 (Poussins ,benjamins et Minimes), ouvert aux licenci\u00e9s tradi\u00a0<u>et promo<\/u>\u00a0(seuls les matchs entre licences comp\u00e9titions seront remont\u00e9s sur SPID)<\/span><\/div><div><span style=\"color: #ffffff;\">Un tableau -15 (benjamins ,Minimes et Cadets), ouvert aux licenci\u00e9s \u00ab\u00a0comp\u00e9tition\u00a0\u00bb uniquement.<\/span><\/div><div>\u00a0<\/div><div><span style=\"color: #ffffff;\">Pour les licences traditionnelles, les jeunes peuvent \u00e9galement s&rsquo;inscrire sur d&rsquo;autres tableaux pour faire plus de matchs (par exemple les tableaux 500-550 ou 500-599) et pour les licences promo, il y a aussi 2 autres tableaux ouverts par jour: un tableau \u00ab\u00a0loisir\/non licenci\u00e9s\u00a0\u00bb et un tableau handicap par jour (handicap\u00a0\u00ab\u00a0classique\u00a0\u00bb le samedi avec matchs en 30 points et diff\u00e9rentiel\u00a0de points au d\u00e9marrage selon le classement, et un tableau \u00ab\u00a0Parties express\u00a0\u00bb le dimanche avec des parties qui commencent \u00e0 9-9, histoire de pimenter le set.<\/span><\/div><div>\u00a0<\/div><div><span style=\"color: #ffffff;\">Les places sont limit\u00e9es mais les tableaux jeunes sont justements les seuls \u00e0 avoir encore pas mal de places disponibles.<\/span><\/div><div>\u00a0<\/div><div><span style=\"color: #ffffff;\">Les inscriptions s&rsquo;effectuent en ligne via le lien\u00a0suivant :\u00a0<\/span><\/div><div><a href=\"https:\/\/www.helloasso.com\/associations\/ping-pong-club-de-perols\/evenements\/tournoi-national-perols-2025\" target=\"_blank\" rel=\"noreferrer noopener\" data-saferedirecturl=\"https:\/\/www.google.com\/url?q=https:\/\/www.helloasso.com\/associations\/ping-pong-club-de-perols\/evenements\/tournoi-national-perols-2025&amp;source=gmail&amp;ust=1746082477644000&amp;usg=AOvVaw2V1LLe8Ue3tCS0inso2Gij\">https:\/\/www.helloasso.com\/<wbr \/>associations\/ping-pong-club-<wbr \/>de-perols\/evenements\/tournoi-<wbr \/>national-perols-2025<\/a><\/div><div><span style=\"color: #ffffff;\">Le lien vers le site du club :<\/span><br \/><a href=\"https:\/\/www.ppcperols.com\/saison-2024-2025\/actualites-du-club\/tournoi-national-perols-2025-1177697\">https:\/\/www.ppcperols.com\/saison-2024-2025\/actualites-du-club\/tournoi-national-perols-2025-1177697<\/a><\/div>\t\t\t\t\t\t\t\t<\/div>\n\t\t\t\t<\/div>\n\t\t\t\t\t<\/div>\n\t\t<\/div>\n\t\t\t\t\t<\/div>\n\t\t<\/section>\n\t\t\t\t<\/div>\n\t\t","protected":false},"excerpt":{"rendered":"<p>Quelques infos \u00e0 propos du tournoi de P\u00e9rols : Un tableau -11 (Poussins et benjamins), ouvert aux licenci\u00e9s tradi et promo (seuls les matchs entre licences comp\u00e9titions seront remont\u00e9s sur SPID) Un tableau -13 (Poussins ,benjamins et Minimes), ouvert aux licenci\u00e9s tradi\u00a0et promo\u00a0(seuls les matchs entre licences comp\u00e9titions seront remont\u00e9s sur SPID)Un tableau -15 (benjamins&hellip;&nbsp;<a href=\"https:\/\/cdtt34.fr\/index.php\/tournois\/tournoi-de-perols-2025\/\" class=\"\" rel=\"bookmark\">Lire la suite &raquo;<span class=\"screen-reader-text\">Tournoi de P\u00e9rols 2025<\/span><\/a><\/p>\n","protected":false},"author":1,"featured_media":0,"parent":2725,"menu_order":1,"comment_status":"closed","ping_status":"closed","template":"page-templates\/template-pagebuilder-full-width.php","meta":{"neve_meta_sidebar":"","neve_meta_container":"","neve_meta_enable_content_width":"","neve_meta_content_width":0,"neve_meta_title_alignment":"","neve_meta_author_avatar":"","neve_post_elements_order":"","neve_meta_disable_header":"","neve_meta_disable_footer":"","neve_meta_disable_title":"","footnotes":""},"class_list":["post-4910","page","type-page","status-publish","hentry"],"_links":{"self":[{"href":"https:\/\/cdtt34.fr\/index.php\/wp-json\/wp\/v2\/pages\/4910","targetHints":{"allow":["GET"]}}],"collection":[{"href":"https:\/\/cdtt34.fr\/index.php\/wp-json\/wp\/v2\/pages"}],"about":[{"href":"https:\/\/cdtt34.fr\/index.php\/wp-json\/wp\/v2\/types\/page"}],"author":[{"embeddable":true,"href":"https:\/\/cdtt34.fr\/index.php\/wp-json\/wp\/v2\/users\/1"}],"replies":[{"embeddable":true,"href":"https:\/\/cdtt34.fr\/index.php\/wp-json\/wp\/v2\/comments?post=4910"}],"version-history":[{"count":11,"href":"https:\/\/cdtt34.fr\/index.php\/wp-json\/wp\/v2\/pages\/4910\/revisions"}],"predecessor-version":[{"id":4924,"href":"https:\/\/cdtt34.fr\/index.php\/wp-json\/wp\/v2\/pages\/4910\/revisions\/4924"}],"up":[{"embeddable":true,"href":"https:\/\/cdtt34.fr\/index.php\/wp-json\/wp\/v2\/pages\/2725"}],"wp:attachment":[{"href":"https:\/\/cdtt34.fr\/index.php\/wp-json\/wp\/v2\/media?parent=4910"}],"curies":[{"name":"wp","href":"https:\/\/api.w.org\/{rel}","templated":true}]}}