{"id":4703,"date":"2024-08-27T17:10:22","date_gmt":"2024-08-27T15:10:22","guid":{"rendered":"https:\/\/cdtt34.fr\/?page_id=4703"},"modified":"2024-10-14T14:01:30","modified_gmt":"2024-10-14T12:01:30","slug":"open-cdtt34-2024","status":"publish","type":"page","link":"https:\/\/cdtt34.fr\/index.php\/open-cdtt34-2024\/","title":{"rendered":"Open CDTT34 2024"},"content":{"rendered":"<style>\/*! elementor - v3.23.0 - 05-08-2024 *\/<br \/>\n.elementor-widget-image{text-align:center}.elementor-widget-image a{display:inline-block}.elementor-widget-image a img[src$=\".svg\"]{width:48px}.elementor-widget-image img{vertical-align:middle;display:inline-block}<\/style>\n<p><img fetchpriority=\"high\" decoding=\"async\" class=\"aligncenter\" src=\"https:\/\/cdtt34.fr\/wp-content\/uploads\/2024\/08\/Affiche-CDtt34-2024-25-Final-585x1024.png\" sizes=\"(max-width: 585px) 100vw, 585px\" srcset=\"https:\/\/cdtt34.fr\/wp-content\/uploads\/2024\/08\/Affiche-CDtt34-2024-25-Final-585x1024.png 585w, https:\/\/cdtt34.fr\/wp-content\/uploads\/2024\/08\/Affiche-CDtt34-2024-25-Final-171x300.png 171w, https:\/\/cdtt34.fr\/wp-content\/uploads\/2024\/08\/Affiche-CDtt34-2024-25-Final-768x1344.png 768w, https:\/\/cdtt34.fr\/wp-content\/uploads\/2024\/08\/Affiche-CDtt34-2024-25-Final-878x1536.png 878w, https:\/\/cdtt34.fr\/wp-content\/uploads\/2024\/08\/Affiche-CDtt34-2024-25-Final.png 1024w\" alt=\"\" width=\"585\" height=\"1024\" \/><\/p>\n<p style=\"text-align: center;\">Pour lancer la saison 2024\/2025 voici le retour de l&rsquo;open du CDTT34.<br \/>\nRendez vous au Cr\u00e8s le <strong>dimanche 15 septembre 2024<\/strong>, salle Georges Brassens, impasse Alfred de Vigny au Cr\u00e8s.<br \/>\n<u><b>Horaire<\/b><\/u><b> :<\/b><br \/>\nOuverture de la salle 7h30.<br \/>\nD\u00e9but de comp\u00e9tition 8h30.<br \/>\n<u><b>Les tableaux<\/b><\/u><b> :<\/b><b><br \/>\n<\/b>500 \u00e0 599 &#8211; 8h30<br \/>\n500 \u00e0 1299 &#8211; 9h30<br \/>\nMinimes &#8211; 10h30<br \/>\nJuniors &#8211; 10h30<br \/>\n500 \u00e0 799 &#8211; 11h30<br \/>\n500 \u00e0 1499 &#8211; 12h30<br \/>\n500 \u00e0 999 &#8211; 13h30<br \/>\nToutes s\u00e9ries F &#8211; 14h30<br \/>\nToutes s\u00e9ries H &#8211; 14h30<br \/>\n<u><b>Inscription<\/b><\/u> : Jusqu&rsquo;au vendredi 13 Septembre inclus<br \/>\n8\u20ac pour un tableau \/ 15 euros pour deux tableaux (2 tableaux maximum par joueuses et joueurs)<br \/>\nLien d&rsquo;inscription : <a tabindex=\"-1\" role=\"link\" href=\"https:\/\/docs.google.com\/forms\/d\/e\/1FAIpQLSduXS4XebYYFnhNZOO5GUas_laBbT7d965ozHKRPXR2DL0s6A\/viewform\" target=\"_blank\" rel=\"nofollow noopener noreferrer\">https:\/\/docs.google.com\/forms\/d\/e\/1FAIpQLSduXS4XebYYFnhNZOO5GUas_laBbT7d965ozHKRPXR2DL0s6A\/viewform<\/a><\/p>\n","protected":false},"excerpt":{"rendered":"<p>Pour lancer la saison 2024\/2025 voici le retour de l&rsquo;open du CDTT34. Rendez vous au Cr\u00e8s le dimanche 15 septembre 2024, salle Georges Brassens, impasse Alfred de Vigny au Cr\u00e8s. Horaire : Ouverture de la salle 7h30. D\u00e9but de comp\u00e9tition 8h30. Les tableaux : 500 \u00e0 599 &#8211; 8h30 500 \u00e0 1299 &#8211; 9h30 Minimes&hellip;&nbsp;<a href=\"https:\/\/cdtt34.fr\/index.php\/open-cdtt34-2024\/\" class=\"\" rel=\"bookmark\">Lire la suite &raquo;<span class=\"screen-reader-text\">Open CDTT34 2024<\/span><\/a><\/p>\n","protected":false},"author":1,"featured_media":0,"parent":0,"menu_order":0,"comment_status":"closed","ping_status":"closed","template":"page-templates\/template-pagebuilder-full-width.php","meta":{"neve_meta_sidebar":"","neve_meta_container":"","neve_meta_enable_content_width":"","neve_meta_content_width":0,"neve_meta_title_alignment":"","neve_meta_author_avatar":"","neve_post_elements_order":"","neve_meta_disable_header":"","neve_meta_disable_footer":"","neve_meta_disable_title":"","footnotes":""},"class_list":["post-4703","page","type-page","status-publish","hentry"],"_links":{"self":[{"href":"https:\/\/cdtt34.fr\/index.php\/wp-json\/wp\/v2\/pages\/4703","targetHints":{"allow":["GET"]}}],"collection":[{"href":"https:\/\/cdtt34.fr\/index.php\/wp-json\/wp\/v2\/pages"}],"about":[{"href":"https:\/\/cdtt34.fr\/index.php\/wp-json\/wp\/v2\/types\/page"}],"author":[{"embeddable":true,"href":"https:\/\/cdtt34.fr\/index.php\/wp-json\/wp\/v2\/users\/1"}],"replies":[{"embeddable":true,"href":"https:\/\/cdtt34.fr\/index.php\/wp-json\/wp\/v2\/comments?post=4703"}],"version-history":[{"count":20,"href":"https:\/\/cdtt34.fr\/index.php\/wp-json\/wp\/v2\/pages\/4703\/revisions"}],"predecessor-version":[{"id":4779,"href":"https:\/\/cdtt34.fr\/index.php\/wp-json\/wp\/v2\/pages\/4703\/revisions\/4779"}],"wp:attachment":[{"href":"https:\/\/cdtt34.fr\/index.php\/wp-json\/wp\/v2\/media?parent=4703"}],"curies":[{"name":"wp","href":"https:\/\/api.w.org\/{rel}","templated":true}]}}