{"id":457,"date":"2022-03-15T18:31:06","date_gmt":"2022-03-15T17:31:06","guid":{"rendered":"http:\/\/cdtt34.fr\/?page_id=457"},"modified":"2025-11-06T09:13:40","modified_gmt":"2025-11-06T08:13:40","slug":"championnat-jeunes","status":"publish","type":"page","link":"https:\/\/cdtt34.fr\/index.php\/championnat-jeunes\/","title":{"rendered":"CHAMPIONNAT JEUNES"},"content":{"rendered":"\t\t<div data-elementor-type=\"wp-page\" data-elementor-id=\"457\" class=\"elementor elementor-457\">\n\t\t\t\t\t\t<section class=\"elementor-section elementor-top-section elementor-element elementor-element-735058ff elementor-section-boxed elementor-section-height-default elementor-section-height-default\" data-id=\"735058ff\" data-element_type=\"section\">\n\t\t\t\t\t\t<div class=\"elementor-container elementor-column-gap-default\">\n\t\t\t\t\t<div class=\"elementor-column elementor-col-100 elementor-top-column elementor-element elementor-element-3bd2ad4e\" data-id=\"3bd2ad4e\" data-element_type=\"column\">\n\t\t\t<div class=\"elementor-widget-wrap elementor-element-populated\">\n\t\t\t\t\t\t<div class=\"elementor-element elementor-element-5fdd53d0 elementor-widget elementor-widget-text-editor\" data-id=\"5fdd53d0\" data-element_type=\"widget\" data-widget_type=\"text-editor.default\">\n\t\t\t\t<div class=\"elementor-widget-container\">\n\t\t\t\t\t\t\t\t\t<p><\/p>\n<p class=\"has-text-align-center\">Le comp\u00e9tition d\u00e9partementale de r\u00e9f\u00e9rence pour les licenci\u00e9\u00b7es loisir et comp\u00e9tition \u00e2g\u00e9\u00b7es de 9 ans \u00e0 18 ans d\u00e9bute le <mark class=\"has-inline-color has-neve-link-color-color\" style=\"background-color: rgba(0, 0, 0, 0);\">samedi<\/mark><mark class=\"has-inline-color has-neve-link-hover-color-color\" style=\"background-color: rgba(0, 0, 0, 0);\"><strong>&nbsp;8 Novembre 2025<\/strong><\/mark>&nbsp;!<\/p>\n<p><\/p>\n<p><\/p>\n<p class=\"has-text-align-center\">Les participant\u00b7es auront 6 journ\u00e9es lors de cette saison 2025\/2026 pour venir d\u00e9couvrir l&rsquo;ambiance d&rsquo;une comp\u00e9tition ou engendrer de l&rsquo;exp\u00e9rience et des points suppl\u00e9mentaires. Le Comit\u00e9 d\u00e9partemental de tennis de table de l&rsquo;H\u00e9rault remercie le club de l&rsquo;Amicale M\u00e9zoise Tennis de Table qui continue d&rsquo;accueillir chaque ann\u00e9e cette belle comp\u00e9tition.<\/p>\n<p><\/p>\n<p><\/p>\n<figure class=\"wp-block-video aligncenter\"><video style=\"aspect-ratio: 1080 \/ 1080;\" src=\"https:\/\/cdtt34.fr\/wp-content\/uploads\/2022\/12\/Championnat-Jeunes.mp4\" autoplay=\"autoplay\" muted=\"\" controls=\"controls\" width=\"1080\" height=\"1080\"><\/video><\/figure>\n<p><\/p>\n<p><\/p>\n<div class=\"wp-block-spacer\" style=\"height: 100px;\" aria-hidden=\"true\">&nbsp;<\/div>\n<p><\/p>\n<p><\/p>\n<div class=\"wp-block-spacer\" style=\"height: 100px;\" aria-hidden=\"true\">&nbsp;<\/div>\n<p><\/p>\n<p><\/p>\n<div data-wp-interactive=\"core\/file\" class=\"wp-block-file aligncenter\"><object data-wp-bind--hidden=\"!state.hasPdfPreview\" hidden class=\"wp-block-file__embed\" style=\"width: 100%; height: 600px;\" data=\"https:\/\/cdtt34.fr\/wp-content\/uploads\/2025\/11\/Reglement-CJ-Herault-2025-2026.pdf\" type=\"application\/pdf\" width=\"300\" height=\"150\" aria-label=\"Contenu embarqu\u00e9 R\u00e8glement CJ 2023\/2024.\"><\/object><a id=\"wp-block-file--media-adf54183-e1ee-47de-b78f-0be1c1e81730\" href=\"https:\/\/cdtt34.fr\/wp-content\/uploads\/2025\/11\/Reglement-CJ-Herault-2025-2026.pdf\">R\u00e8glement CJ 2025\/2026<\/a><a class=\"wp-block-file__button wp-element-button\" href=\"https:\/\/cdtt34.fr\/wp-content\/uploads\/2025\/11\/Reglement-CJ-Herault-2025-2026.pdf\" download=\"\" aria-describedby=\"wp-block-file--media-adf54183-e1ee-47de-b78f-0be1c1e81730\">T\u00e9l\u00e9charger<\/a><\/div>\n<p><\/p>\n<p><\/p>\n<div class=\"wp-block-spacer\" style=\"height: 100px;\" aria-hidden=\"true\">&nbsp;<\/div>\n<p><\/p>\n<p><\/p>\n<div data-wp-interactive=\"core\/file\" class=\"wp-block-file aligncenter\"><object data-wp-bind--hidden=\"!state.hasPdfPreview\" hidden class=\"wp-block-file__embed\" style=\"width: 100%; height: 600px;\" data=\"https:\/\/cdtt34.fr\/wp-content\/uploads\/2025\/11\/Engagement_CJ_2025-2026.pdf\" type=\"application\/pdf\" width=\"300\" height=\"150\" aria-label=\"Contenu embarqu\u00e9 Engagement CJ 2025\/2026.\"><\/object><a id=\"wp-block-file--media-c7790f6e-9643-4ec8-a3d0-3b2543b26c70\" href=\"https:\/\/cdtt34.fr\/wp-content\/uploads\/2025\/11\/Engagement_CJ_2025-2026.pdf\">Engagement CJ 2023\/2024<\/a><a class=\"wp-block-file__button wp-element-button\" href=\"https:\/\/cdtt34.fr\/wp-content\/uploads\/2025\/11\/Engagement_CJ_2025-2026.pdf\" download=\"\" aria-describedby=\"wp-block-file--media-c7790f6e-9643-4ec8-a3d0-3b2543b26c70\">T\u00e9l\u00e9charger<\/a><\/div>\n<p><\/p>\t\t\t\t\t\t\t\t<\/div>\n\t\t\t\t<\/div>\n\t\t\t\t\t<\/div>\n\t\t<\/div>\n\t\t\t\t\t<\/div>\n\t\t<\/section>\n\t\t\t\t<section class=\"elementor-section elementor-top-section elementor-element elementor-element-2f1e4ce elementor-section-boxed elementor-section-height-default elementor-section-height-default\" data-id=\"2f1e4ce\" data-element_type=\"section\">\n\t\t\t\t\t\t<div class=\"elementor-container elementor-column-gap-default\">\n\t\t\t\t\t<div class=\"elementor-column elementor-col-100 elementor-top-column elementor-element elementor-element-1bd5907\" data-id=\"1bd5907\" data-element_type=\"column\">\n\t\t\t<div class=\"elementor-widget-wrap elementor-element-populated\">\n\t\t\t\t\t\t<div class=\"elementor-element elementor-element-f6cf279 elementor-widget elementor-widget-image\" data-id=\"f6cf279\" data-element_type=\"widget\" data-widget_type=\"image.default\">\n\t\t\t\t<div class=\"elementor-widget-container\">\n\t\t\t\t\t\t\t\t\t\t\t\t\t\t\t<img decoding=\"async\" src=\"https:\/\/cdtt34.fr\/wp-content\/uploads\/2023\/11\/Capture-decran-2023-11-27-103411.png\" title=\"\" alt=\"\" loading=\"lazy\" \/>\t\t\t\t\t\t\t\t\t\t\t\t\t\t\t<\/div>\n\t\t\t\t<\/div>\n\t\t\t\t\t<\/div>\n\t\t<\/div>\n\t\t\t\t\t<\/div>\n\t\t<\/section>\n\t\t\t\t<section class=\"elementor-section elementor-top-section elementor-element elementor-element-829c7a1 elementor-section-boxed elementor-section-height-default elementor-section-height-default\" data-id=\"829c7a1\" data-element_type=\"section\">\n\t\t\t\t\t\t<div class=\"elementor-container elementor-column-gap-default\">\n\t\t\t\t\t<div class=\"elementor-column elementor-col-100 elementor-top-column elementor-element elementor-element-d17a50c\" data-id=\"d17a50c\" data-element_type=\"column\">\n\t\t\t<div class=\"elementor-widget-wrap elementor-element-populated\">\n\t\t\t\t\t\t<div class=\"elementor-element elementor-element-95b3414 elementor-widget elementor-widget-image\" data-id=\"95b3414\" data-element_type=\"widget\" data-widget_type=\"image.default\">\n\t\t\t\t<div class=\"elementor-widget-container\">\n\t\t\t\t\t\t\t\t\t\t\t\t\t\t\t<img fetchpriority=\"high\" decoding=\"async\" width=\"1024\" height=\"429\" src=\"https:\/\/cdtt34.fr\/wp-content\/uploads\/2024\/02\/Capture-decran-2024-02-07-182300-1024x429.png\" class=\"attachment-large size-large wp-image-4358\" alt=\"\" srcset=\"https:\/\/cdtt34.fr\/wp-content\/uploads\/2024\/02\/Capture-decran-2024-02-07-182300-1024x429.png 1024w, https:\/\/cdtt34.fr\/wp-content\/uploads\/2024\/02\/Capture-decran-2024-02-07-182300-300x126.png 300w, https:\/\/cdtt34.fr\/wp-content\/uploads\/2024\/02\/Capture-decran-2024-02-07-182300-768x322.png 768w, https:\/\/cdtt34.fr\/wp-content\/uploads\/2024\/02\/Capture-decran-2024-02-07-182300.png 1404w\" sizes=\"(max-width: 1024px) 100vw, 1024px\" \/>\t\t\t\t\t\t\t\t\t\t\t\t\t\t\t<\/div>\n\t\t\t\t<\/div>\n\t\t\t\t\t<\/div>\n\t\t<\/div>\n\t\t\t\t\t<\/div>\n\t\t<\/section>\n\t\t\t\t<section class=\"elementor-section elementor-top-section elementor-element elementor-element-7243c12 elementor-section-boxed elementor-section-height-default elementor-section-height-default\" data-id=\"7243c12\" data-element_type=\"section\">\n\t\t\t\t\t\t<div class=\"elementor-container elementor-column-gap-default\">\n\t\t\t\t\t<div class=\"elementor-column elementor-col-100 elementor-top-column elementor-element elementor-element-df88f9d\" data-id=\"df88f9d\" data-element_type=\"column\">\n\t\t\t<div class=\"elementor-widget-wrap elementor-element-populated\">\n\t\t\t\t\t\t<div class=\"elementor-element elementor-element-b9bec75 elementor-widget elementor-widget-image\" data-id=\"b9bec75\" data-element_type=\"widget\" data-widget_type=\"image.default\">\n\t\t\t\t<div class=\"elementor-widget-container\">\n\t\t\t\t\t\t\t\t\t\t\t\t\t\t\t<img decoding=\"async\" width=\"1024\" height=\"539\" src=\"https:\/\/cdtt34.fr\/wp-content\/uploads\/2024\/02\/Capture-decran-2024-02-07-182419-1024x539.png\" class=\"attachment-large size-large wp-image-4359\" alt=\"\" srcset=\"https:\/\/cdtt34.fr\/wp-content\/uploads\/2024\/02\/Capture-decran-2024-02-07-182419-1024x539.png 1024w, https:\/\/cdtt34.fr\/wp-content\/uploads\/2024\/02\/Capture-decran-2024-02-07-182419-300x158.png 300w, https:\/\/cdtt34.fr\/wp-content\/uploads\/2024\/02\/Capture-decran-2024-02-07-182419-768x404.png 768w, https:\/\/cdtt34.fr\/wp-content\/uploads\/2024\/02\/Capture-decran-2024-02-07-182419.png 1409w\" sizes=\"(max-width: 1024px) 100vw, 1024px\" \/>\t\t\t\t\t\t\t\t\t\t\t\t\t\t\t<\/div>\n\t\t\t\t<\/div>\n\t\t\t\t\t<\/div>\n\t\t<\/div>\n\t\t\t\t\t<\/div>\n\t\t<\/section>\n\t\t\t\t<section class=\"elementor-section elementor-top-section elementor-element elementor-element-d3b7ced elementor-section-boxed elementor-section-height-default elementor-section-height-default\" data-id=\"d3b7ced\" data-element_type=\"section\">\n\t\t\t\t\t\t<div class=\"elementor-container elementor-column-gap-default\">\n\t\t\t\t\t<div class=\"elementor-column elementor-col-100 elementor-top-column elementor-element elementor-element-1816bc2\" data-id=\"1816bc2\" data-element_type=\"column\">\n\t\t\t<div class=\"elementor-widget-wrap elementor-element-populated\">\n\t\t\t\t\t\t<div class=\"elementor-element elementor-element-b9fc832 elementor-widget elementor-widget-image\" data-id=\"b9fc832\" data-element_type=\"widget\" data-widget_type=\"image.default\">\n\t\t\t\t<div class=\"elementor-widget-container\">\n\t\t\t\t\t\t\t\t\t\t\t\t\t\t\t<img decoding=\"async\" width=\"1024\" height=\"374\" src=\"https:\/\/cdtt34.fr\/wp-content\/uploads\/2024\/02\/Capture-decran-2024-02-07-182525-1024x374.png\" class=\"attachment-large size-large wp-image-4360\" alt=\"\" srcset=\"https:\/\/cdtt34.fr\/wp-content\/uploads\/2024\/02\/Capture-decran-2024-02-07-182525-1024x374.png 1024w, https:\/\/cdtt34.fr\/wp-content\/uploads\/2024\/02\/Capture-decran-2024-02-07-182525-300x110.png 300w, https:\/\/cdtt34.fr\/wp-content\/uploads\/2024\/02\/Capture-decran-2024-02-07-182525-768x281.png 768w, https:\/\/cdtt34.fr\/wp-content\/uploads\/2024\/02\/Capture-decran-2024-02-07-182525.png 1404w\" sizes=\"(max-width: 1024px) 100vw, 1024px\" \/>\t\t\t\t\t\t\t\t\t\t\t\t\t\t\t<\/div>\n\t\t\t\t<\/div>\n\t\t\t\t\t<\/div>\n\t\t<\/div>\n\t\t\t\t\t<\/div>\n\t\t<\/section>\n\t\t\t\t<section class=\"elementor-section elementor-top-section elementor-element elementor-element-0d10621 elementor-section-boxed elementor-section-height-default elementor-section-height-default\" data-id=\"0d10621\" data-element_type=\"section\">\n\t\t\t\t\t\t<div class=\"elementor-container elementor-column-gap-default\">\n\t\t\t\t\t<div class=\"elementor-column elementor-col-100 elementor-top-column elementor-element elementor-element-c323644\" data-id=\"c323644\" data-element_type=\"column\">\n\t\t\t<div class=\"elementor-widget-wrap elementor-element-populated\">\n\t\t\t\t\t\t<div class=\"elementor-element elementor-element-4da93ce elementor-widget elementor-widget-image\" data-id=\"4da93ce\" data-element_type=\"widget\" data-widget_type=\"image.default\">\n\t\t\t\t<div class=\"elementor-widget-container\">\n\t\t\t\t\t\t\t\t\t\t\t\t\t\t\t<img loading=\"lazy\" decoding=\"async\" width=\"1024\" height=\"449\" src=\"https:\/\/cdtt34.fr\/wp-content\/uploads\/2024\/02\/Capture-decran-2024-02-07-182611-1024x449.png\" class=\"attachment-large size-large wp-image-4361\" alt=\"\" srcset=\"https:\/\/cdtt34.fr\/wp-content\/uploads\/2024\/02\/Capture-decran-2024-02-07-182611-1024x449.png 1024w, https:\/\/cdtt34.fr\/wp-content\/uploads\/2024\/02\/Capture-decran-2024-02-07-182611-300x132.png 300w, https:\/\/cdtt34.fr\/wp-content\/uploads\/2024\/02\/Capture-decran-2024-02-07-182611-768x337.png 768w, https:\/\/cdtt34.fr\/wp-content\/uploads\/2024\/02\/Capture-decran-2024-02-07-182611.png 1406w\" sizes=\"(max-width: 1024px) 100vw, 1024px\" \/>\t\t\t\t\t\t\t\t\t\t\t\t\t\t\t<\/div>\n\t\t\t\t<\/div>\n\t\t\t\t\t<\/div>\n\t\t<\/div>\n\t\t\t\t\t<\/div>\n\t\t<\/section>\n\t\t\t\t<section class=\"elementor-section elementor-top-section elementor-element elementor-element-f705319 elementor-section-boxed elementor-section-height-default elementor-section-height-default\" data-id=\"f705319\" data-element_type=\"section\">\n\t\t\t\t\t\t<div class=\"elementor-container elementor-column-gap-default\">\n\t\t\t\t\t<div class=\"elementor-column elementor-col-100 elementor-top-column elementor-element elementor-element-62cd8f2\" data-id=\"62cd8f2\" data-element_type=\"column\">\n\t\t\t<div class=\"elementor-widget-wrap elementor-element-populated\">\n\t\t\t\t\t\t<div class=\"elementor-element elementor-element-921d659 elementor-widget elementor-widget-image\" data-id=\"921d659\" data-element_type=\"widget\" data-widget_type=\"image.default\">\n\t\t\t\t<div class=\"elementor-widget-container\">\n\t\t\t\t\t\t\t\t\t\t\t\t\t\t\t<img loading=\"lazy\" decoding=\"async\" width=\"1024\" height=\"390\" src=\"https:\/\/cdtt34.fr\/wp-content\/uploads\/2024\/02\/Capture-decran-2024-02-07-182708-1024x390.png\" class=\"attachment-large size-large wp-image-4362\" alt=\"\" srcset=\"https:\/\/cdtt34.fr\/wp-content\/uploads\/2024\/02\/Capture-decran-2024-02-07-182708-1024x390.png 1024w, https:\/\/cdtt34.fr\/wp-content\/uploads\/2024\/02\/Capture-decran-2024-02-07-182708-300x114.png 300w, https:\/\/cdtt34.fr\/wp-content\/uploads\/2024\/02\/Capture-decran-2024-02-07-182708-768x292.png 768w, https:\/\/cdtt34.fr\/wp-content\/uploads\/2024\/02\/Capture-decran-2024-02-07-182708.png 1403w\" sizes=\"(max-width: 1024px) 100vw, 1024px\" \/>\t\t\t\t\t\t\t\t\t\t\t\t\t\t\t<\/div>\n\t\t\t\t<\/div>\n\t\t\t\t\t<\/div>\n\t\t<\/div>\n\t\t\t\t\t<\/div>\n\t\t<\/section>\n\t\t\t\t<\/div>\n\t\t","protected":false},"excerpt":{"rendered":"<p>Le comp\u00e9tition d\u00e9partementale de r\u00e9f\u00e9rence pour les licenci\u00e9\u00b7es loisir et comp\u00e9tition \u00e2g\u00e9\u00b7es de 9 ans \u00e0 18 ans d\u00e9bute le samedi&nbsp;8 Novembre 2025&nbsp;! Les participant\u00b7es auront 6 journ\u00e9es lors de cette saison 2025\/2026 pour venir d\u00e9couvrir l&rsquo;ambiance d&rsquo;une comp\u00e9tition ou engendrer de l&rsquo;exp\u00e9rience et des points suppl\u00e9mentaires. Le Comit\u00e9 d\u00e9partemental de tennis de table de&hellip;&nbsp;<a href=\"https:\/\/cdtt34.fr\/index.php\/championnat-jeunes\/\" class=\"\" rel=\"bookmark\">Lire la suite &raquo;<span class=\"screen-reader-text\">CHAMPIONNAT JEUNES<\/span><\/a><\/p>\n","protected":false},"author":1,"featured_media":2406,"parent":0,"menu_order":0,"comment_status":"closed","ping_status":"closed","template":"","meta":{"neve_meta_sidebar":"","neve_meta_container":"","neve_meta_enable_content_width":"","neve_meta_content_width":0,"neve_meta_title_alignment":"","neve_meta_author_avatar":"","neve_post_elements_order":"","neve_meta_disable_header":"","neve_meta_disable_footer":"","neve_meta_disable_title":"","footnotes":""},"class_list":["post-457","page","type-page","status-publish","has-post-thumbnail","hentry"],"_links":{"self":[{"href":"https:\/\/cdtt34.fr\/index.php\/wp-json\/wp\/v2\/pages\/457","targetHints":{"allow":["GET"]}}],"collection":[{"href":"https:\/\/cdtt34.fr\/index.php\/wp-json\/wp\/v2\/pages"}],"about":[{"href":"https:\/\/cdtt34.fr\/index.php\/wp-json\/wp\/v2\/types\/page"}],"author":[{"embeddable":true,"href":"https:\/\/cdtt34.fr\/index.php\/wp-json\/wp\/v2\/users\/1"}],"replies":[{"embeddable":true,"href":"https:\/\/cdtt34.fr\/index.php\/wp-json\/wp\/v2\/comments?post=457"}],"version-history":[{"count":53,"href":"https:\/\/cdtt34.fr\/index.php\/wp-json\/wp\/v2\/pages\/457\/revisions"}],"predecessor-version":[{"id":5137,"href":"https:\/\/cdtt34.fr\/index.php\/wp-json\/wp\/v2\/pages\/457\/revisions\/5137"}],"wp:featuredmedia":[{"embeddable":true,"href":"https:\/\/cdtt34.fr\/index.php\/wp-json\/wp\/v2\/media\/2406"}],"wp:attachment":[{"href":"https:\/\/cdtt34.fr\/index.php\/wp-json\/wp\/v2\/media?parent=457"}],"curies":[{"name":"wp","href":"https:\/\/api.w.org\/{rel}","templated":true}]}}