{"id":1868,"date":"2022-09-28T16:01:07","date_gmt":"2022-09-28T14:01:07","guid":{"rendered":"http:\/\/cdtt34.fr\/?page_id=1868"},"modified":"2025-09-22T12:19:35","modified_gmt":"2025-09-22T10:19:35","slug":"calendriers-2024-2025","status":"publish","type":"page","link":"https:\/\/cdtt34.fr\/index.php\/calendriers-2024-2025\/","title":{"rendered":"CALENDRIER 2025\/2026"},"content":{"rendered":"\t\t<div data-elementor-type=\"wp-page\" data-elementor-id=\"1868\" class=\"elementor elementor-1868\">\n\t\t\t\t\t\t<section class=\"elementor-section elementor-top-section elementor-element elementor-element-9fe284c elementor-section-boxed elementor-section-height-default elementor-section-height-default\" data-id=\"9fe284c\" data-element_type=\"section\">\n\t\t\t\t\t\t<div class=\"elementor-container elementor-column-gap-default\">\n\t\t\t\t\t<div class=\"elementor-column elementor-col-100 elementor-top-column elementor-element elementor-element-a29061d\" data-id=\"a29061d\" data-element_type=\"column\">\n\t\t\t<div class=\"elementor-widget-wrap elementor-element-populated\">\n\t\t\t\t\t\t<div class=\"elementor-element elementor-element-85d95c9 elementor-widget elementor-widget-text-editor\" data-id=\"85d95c9\" data-element_type=\"widget\" data-widget_type=\"text-editor.default\">\n\t\t\t\t<div class=\"elementor-widget-container\">\n\t\t\t\t\t\t\t\t\t<p>Retrouvez ci-dessous le calendrier pour la saison 2025-2026 publi\u00e9 par la Ligue Occitanie de Tennis de Table.<br \/>Certaines informations peuvent \u00eatre soumises \u00e0 modification. Veillez \u00e0 consulter le calendrier r\u00e9gul\u00e8rement.<\/p>\t\t\t\t\t\t\t\t<\/div>\n\t\t\t\t<\/div>\n\t\t\t\t\t<\/div>\n\t\t<\/div>\n\t\t\t\t\t<\/div>\n\t\t<\/section>\n\t\t\t\t<section class=\"elementor-section elementor-top-section elementor-element elementor-element-bd43f12 elementor-section-boxed elementor-section-height-default elementor-section-height-default\" data-id=\"bd43f12\" data-element_type=\"section\">\n\t\t\t\t\t\t<div class=\"elementor-container elementor-column-gap-default\">\n\t\t\t\t\t<div class=\"elementor-column elementor-col-100 elementor-top-column elementor-element elementor-element-af6f458\" data-id=\"af6f458\" data-element_type=\"column\">\n\t\t\t<div class=\"elementor-widget-wrap\">\n\t\t\t\t\t\t\t<\/div>\n\t\t<\/div>\n\t\t\t\t\t<\/div>\n\t\t<\/section>\n\t\t\t\t<section class=\"elementor-section elementor-top-section elementor-element elementor-element-9348016 elementor-section-boxed elementor-section-height-default elementor-section-height-default\" data-id=\"9348016\" data-element_type=\"section\">\n\t\t\t\t\t\t<div class=\"elementor-container elementor-column-gap-default\">\n\t\t\t\t\t<div class=\"elementor-column elementor-col-100 elementor-top-column elementor-element elementor-element-cf46151\" data-id=\"cf46151\" data-element_type=\"column\">\n\t\t\t<div class=\"elementor-widget-wrap elementor-element-populated\">\n\t\t\t\t\t\t<div class=\"elementor-element elementor-element-4853801 elementor-widget elementor-widget-image\" data-id=\"4853801\" data-element_type=\"widget\" data-widget_type=\"image.default\">\n\t\t\t\t<div class=\"elementor-widget-container\">\n\t\t\t\t\t\t\t\t\t\t\t\t\t\t\t<img fetchpriority=\"high\" decoding=\"async\" width=\"1024\" height=\"633\" src=\"https:\/\/cdtt34.fr\/wp-content\/uploads\/2025\/09\/Capture-decran-2025-09-22-a-12.10.37-1024x633.png\" class=\"attachment-large size-large wp-image-5028\" alt=\"Calendrier 2025-2025 - partie 1\" srcset=\"https:\/\/cdtt34.fr\/wp-content\/uploads\/2025\/09\/Capture-decran-2025-09-22-a-12.10.37-1024x633.png 1024w, https:\/\/cdtt34.fr\/wp-content\/uploads\/2025\/09\/Capture-decran-2025-09-22-a-12.10.37-300x185.png 300w, https:\/\/cdtt34.fr\/wp-content\/uploads\/2025\/09\/Capture-decran-2025-09-22-a-12.10.37-768x475.png 768w, https:\/\/cdtt34.fr\/wp-content\/uploads\/2025\/09\/Capture-decran-2025-09-22-a-12.10.37.png 1234w\" sizes=\"(max-width: 1024px) 100vw, 1024px\" \/>\t\t\t\t\t\t\t\t\t\t\t\t\t\t\t<\/div>\n\t\t\t\t<\/div>\n\t\t\t\t<div class=\"elementor-element elementor-element-73a0ec6 elementor-widget elementor-widget-image\" data-id=\"73a0ec6\" data-element_type=\"widget\" data-widget_type=\"image.default\">\n\t\t\t\t<div class=\"elementor-widget-container\">\n\t\t\t\t\t\t\t\t\t\t\t\t\t\t\t<img decoding=\"async\" width=\"1024\" height=\"609\" src=\"https:\/\/cdtt34.fr\/wp-content\/uploads\/2025\/09\/Capture-decran-2025-09-22-a-12.14.40-1024x609.png\" class=\"attachment-large size-large wp-image-5030\" alt=\"calendrier 2025-2026 - partie 2\" srcset=\"https:\/\/cdtt34.fr\/wp-content\/uploads\/2025\/09\/Capture-decran-2025-09-22-a-12.14.40-1024x609.png 1024w, https:\/\/cdtt34.fr\/wp-content\/uploads\/2025\/09\/Capture-decran-2025-09-22-a-12.14.40-300x178.png 300w, https:\/\/cdtt34.fr\/wp-content\/uploads\/2025\/09\/Capture-decran-2025-09-22-a-12.14.40-768x456.png 768w, https:\/\/cdtt34.fr\/wp-content\/uploads\/2025\/09\/Capture-decran-2025-09-22-a-12.14.40.png 1235w\" sizes=\"(max-width: 1024px) 100vw, 1024px\" \/>\t\t\t\t\t\t\t\t\t\t\t\t\t\t\t<\/div>\n\t\t\t\t<\/div>\n\t\t\t\t\t<\/div>\n\t\t<\/div>\n\t\t\t\t\t<\/div>\n\t\t<\/section>\n\t\t\t\t<\/div>\n\t\t","protected":false},"excerpt":{"rendered":"<p>Retrouvez ci-dessous le calendrier pour la saison 2025-2026 publi\u00e9 par la Ligue Occitanie de Tennis de Table.Certaines informations peuvent \u00eatre soumises \u00e0 modification. Veillez \u00e0 consulter le calendrier r\u00e9gul\u00e8rement.<\/p>\n","protected":false},"author":1,"featured_media":1402,"parent":0,"menu_order":0,"comment_status":"closed","ping_status":"closed","template":"","meta":{"neve_meta_sidebar":"","neve_meta_container":"","neve_meta_enable_content_width":"","neve_meta_content_width":0,"neve_meta_title_alignment":"","neve_meta_author_avatar":"","neve_post_elements_order":"","neve_meta_disable_header":"","neve_meta_disable_footer":"","neve_meta_disable_title":"","footnotes":""},"class_list":["post-1868","page","type-page","status-publish","has-post-thumbnail","hentry"],"_links":{"self":[{"href":"https:\/\/cdtt34.fr\/index.php\/wp-json\/wp\/v2\/pages\/1868","targetHints":{"allow":["GET"]}}],"collection":[{"href":"https:\/\/cdtt34.fr\/index.php\/wp-json\/wp\/v2\/pages"}],"about":[{"href":"https:\/\/cdtt34.fr\/index.php\/wp-json\/wp\/v2\/types\/page"}],"author":[{"embeddable":true,"href":"https:\/\/cdtt34.fr\/index.php\/wp-json\/wp\/v2\/users\/1"}],"replies":[{"embeddable":true,"href":"https:\/\/cdtt34.fr\/index.php\/wp-json\/wp\/v2\/comments?post=1868"}],"version-history":[{"count":36,"href":"https:\/\/cdtt34.fr\/index.php\/wp-json\/wp\/v2\/pages\/1868\/revisions"}],"predecessor-version":[{"id":5033,"href":"https:\/\/cdtt34.fr\/index.php\/wp-json\/wp\/v2\/pages\/1868\/revisions\/5033"}],"wp:featuredmedia":[{"embeddable":true,"href":"https:\/\/cdtt34.fr\/index.php\/wp-json\/wp\/v2\/media\/1402"}],"wp:attachment":[{"href":"https:\/\/cdtt34.fr\/index.php\/wp-json\/wp\/v2\/media?parent=1868"}],"curies":[{"name":"wp","href":"https:\/\/api.w.org\/{rel}","templated":true}]}}