{"id":1391,"date":"2022-08-18T12:06:32","date_gmt":"2022-08-18T10:06:32","guid":{"rendered":"https:\/\/cdtt34.fr\/?page_id=1391"},"modified":"2024-03-18T13:04:24","modified_gmt":"2024-03-18T12:04:24","slug":"actualite","status":"publish","type":"page","link":"https:\/\/cdtt34.fr\/index.php\/actualite\/","title":{"rendered":"ACTUALIT\u00c9"},"content":{"rendered":"\t\t<div data-elementor-type=\"wp-page\" data-elementor-id=\"1391\" class=\"elementor elementor-1391\">\n\t\t\t\t\t\t<section class=\"elementor-section elementor-top-section elementor-element elementor-element-e854f1d elementor-section-boxed elementor-section-height-default elementor-section-height-default\" data-id=\"e854f1d\" data-element_type=\"section\">\n\t\t\t\t\t\t<div class=\"elementor-container elementor-column-gap-default\">\n\t\t\t\t\t<div class=\"elementor-column elementor-col-33 elementor-top-column elementor-element elementor-element-32d4bd0\" data-id=\"32d4bd0\" data-element_type=\"column\">\n\t\t\t<div class=\"elementor-widget-wrap elementor-element-populated\">\n\t\t\t\t\t\t<div class=\"elementor-element elementor-element-b42a662 elementor-invisible elementor-widget elementor-widget-image\" data-id=\"b42a662\" data-element_type=\"widget\" data-settings=\"{&quot;_animation&quot;:&quot;zoomIn&quot;}\" data-widget_type=\"image.default\">\n\t\t\t\t<div class=\"elementor-widget-container\">\n\t\t\t\t\t\t\t\t\t\t\t\t\t\t\t<img fetchpriority=\"high\" decoding=\"async\" width=\"683\" height=\"1024\" src=\"https:\/\/cdtt34.fr\/wp-content\/uploads\/2024\/03\/417460110_877592810832507_693630230145110010_n-683x1024.jpg\" class=\"attachment-large size-large wp-image-4676\" alt=\"\" srcset=\"https:\/\/cdtt34.fr\/wp-content\/uploads\/2024\/03\/417460110_877592810832507_693630230145110010_n-683x1024.jpg 683w, https:\/\/cdtt34.fr\/wp-content\/uploads\/2024\/03\/417460110_877592810832507_693630230145110010_n-200x300.jpg 200w, https:\/\/cdtt34.fr\/wp-content\/uploads\/2024\/03\/417460110_877592810832507_693630230145110010_n-768x1152.jpg 768w, https:\/\/cdtt34.fr\/wp-content\/uploads\/2024\/03\/417460110_877592810832507_693630230145110010_n-1024x1536.jpg 1024w, https:\/\/cdtt34.fr\/wp-content\/uploads\/2024\/03\/417460110_877592810832507_693630230145110010_n.jpg 1365w\" sizes=\"(max-width: 683px) 100vw, 683px\" \/>\t\t\t\t\t\t\t\t\t\t\t\t\t\t\t<\/div>\n\t\t\t\t<\/div>\n\t\t\t\t\t<\/div>\n\t\t<\/div>\n\t\t\t\t<div class=\"elementor-column elementor-col-66 elementor-top-column elementor-element elementor-element-7301cda\" data-id=\"7301cda\" data-element_type=\"column\">\n\t\t\t<div class=\"elementor-widget-wrap elementor-element-populated\">\n\t\t\t\t\t\t<div class=\"elementor-element elementor-element-c7d16b2 elementor-invisible elementor-widget elementor-widget-text-editor\" data-id=\"c7d16b2\" data-element_type=\"widget\" data-settings=\"{&quot;_animation&quot;:&quot;zoomIn&quot;}\" data-widget_type=\"text-editor.default\">\n\t\t\t\t<div class=\"elementor-widget-container\">\n\t\t\t\t\t\t\t\t\t<h2>The last dance &#8230;<\/h2><div class=\"x78zum5 xdt5ytf x1iyjqo2 x1n2onr6\"><div class=\"xyamay9 x1pi30zi xsag5q8 x1swvt13\"><div class=\"xyinxu5 x4uap5 x1g2khh7 xkhd6sd\"><p><span class=\"x193iq5w xeuugli x13faqbe x1vvkbs x1xmvt09 x1lliihq x1s928wv xhkezso x1gmr53x x1cpjm7i x1fgarty x1943h6x xudqn12 x3x7a5m x6prxxf xvq8zen xo1l8bm xzsf02u\" dir=\"auto\">Il est temps pour moi de vous annoncer mon d\u00e9part du Comit\u00e9 D\u00e9partemental apr\u00e8s cette belle soir\u00e9e Dark Ping, je rends les cl\u00e9s du bureau et m\u2019envole pour de nouvelles aventures !<\/span><\/p><p>Merci pour ces trois saisons \u00e0 vos c\u00f4t\u00e9s, c\u2019\u00e9tait un plaisir de partager l\u2019actualit\u00e9 pongiste, d\u2019interagir avec vous, d\u2019organiser toutes sortes d\u2019\u00e9v\u00e9nements qui nous ont r\u00e9unis et bien plus encore !<\/p><p>Un grand merci \u00e0 toutes les personnes qui ont collabor\u00e9 \u00e0 mon installation sur Montpellier en m\u2019offrant cette opportunit\u00e9 professionnelle et \u00e0 celles et ceux qui sur ma route, on particip\u00e9 \u00e0 mon \u00e9panouissement.<\/p><p>\u00c0 bient\u00f4t, je ne serais jamais loin des salles de tennis de table; de ce sport que j\u2019affectionne tant depuis mon plus jeune \u00e2ge !<\/p><p><em>Cyrielle LABATUT &#8211; Avril 2024<\/em><\/p><\/div><\/div><\/div>\t\t\t\t\t\t\t\t<\/div>\n\t\t\t\t<\/div>\n\t\t\t\t\t<\/div>\n\t\t<\/div>\n\t\t\t\t\t<\/div>\n\t\t<\/section>\n\t\t\t\t<section class=\"elementor-section elementor-top-section elementor-element elementor-element-a8ba893 elementor-section-boxed elementor-section-height-default elementor-section-height-default\" data-id=\"a8ba893\" data-element_type=\"section\">\n\t\t\t\t\t\t<div class=\"elementor-container elementor-column-gap-default\">\n\t\t\t\t\t<div class=\"elementor-column elementor-col-100 elementor-top-column elementor-element elementor-element-ffe5ca3\" data-id=\"ffe5ca3\" data-element_type=\"column\">\n\t\t\t<div class=\"elementor-widget-wrap elementor-element-populated\">\n\t\t\t\t\t\t<div class=\"elementor-element elementor-element-390cc6d elementor-widget elementor-widget-spacer\" data-id=\"390cc6d\" data-element_type=\"widget\" data-widget_type=\"spacer.default\">\n\t\t\t\t<div class=\"elementor-widget-container\">\n\t\t\t\t\t\t\t<div class=\"elementor-spacer\">\n\t\t\t<div class=\"elementor-spacer-inner\"><\/div>\n\t\t<\/div>\n\t\t\t\t\t\t<\/div>\n\t\t\t\t<\/div>\n\t\t\t\t\t<\/div>\n\t\t<\/div>\n\t\t\t\t\t<\/div>\n\t\t<\/section>\n\t\t\t\t<section class=\"elementor-section elementor-top-section elementor-element elementor-element-56fd343 elementor-section-boxed elementor-section-height-default elementor-section-height-default\" data-id=\"56fd343\" data-element_type=\"section\">\n\t\t\t\t\t\t<div class=\"elementor-container elementor-column-gap-default\">\n\t\t\t\t\t<div class=\"elementor-column elementor-col-100 elementor-top-column elementor-element elementor-element-3495a7c\" data-id=\"3495a7c\" data-element_type=\"column\">\n\t\t\t<div class=\"elementor-widget-wrap elementor-element-populated\">\n\t\t\t\t\t\t<div class=\"elementor-element elementor-element-1348684 elementor-arrows-position-inside elementor-widget elementor-widget-image-carousel\" data-id=\"1348684\" data-element_type=\"widget\" data-settings=\"{&quot;slides_to_show&quot;:&quot;1&quot;,&quot;navigation&quot;:&quot;arrows&quot;,&quot;autoplay&quot;:&quot;yes&quot;,&quot;pause_on_hover&quot;:&quot;yes&quot;,&quot;pause_on_interaction&quot;:&quot;yes&quot;,&quot;autoplay_speed&quot;:5000,&quot;infinite&quot;:&quot;yes&quot;,&quot;effect&quot;:&quot;slide&quot;,&quot;speed&quot;:500}\" data-widget_type=\"image-carousel.default\">\n\t\t\t\t<div class=\"elementor-widget-container\">\n\t\t\t\t\t\t\t<div class=\"elementor-image-carousel-wrapper swiper\" role=\"region\" aria-roledescription=\"carousel\" aria-label=\"Carrousel d\u2019images\" dir=\"ltr\">\n\t\t\t<div class=\"elementor-image-carousel swiper-wrapper\" aria-live=\"off\">\n\t\t\t\t\t\t\t\t<div class=\"swiper-slide\" role=\"group\" aria-roledescription=\"slide\" aria-label=\"1 sur 6\"><figure class=\"swiper-slide-inner\"><img decoding=\"async\" class=\"swiper-slide-image\" src=\"https:\/\/cdtt34.fr\/wp-content\/uploads\/2023\/12\/Tournoi-ASMGIGEAN-CDTT34-1-768x1133.png\" alt=\"Tournoi ASMGIGEAN CDTT34-1\" \/><\/figure><\/div><div class=\"swiper-slide\" role=\"group\" aria-roledescription=\"slide\" aria-label=\"2 sur 6\"><figure class=\"swiper-slide-inner\"><img decoding=\"async\" class=\"swiper-slide-image\" src=\"https:\/\/cdtt34.fr\/wp-content\/uploads\/2023\/12\/REGLEMENT_TOURNOI_GIGEAN_modif_du_02_08_23_a_13h00-1-768x1086.png\" alt=\"REGLEMENT_TOURNOI_GIGEAN_modif_du_02_08_23_\u00e0_13h00-1\" \/><\/figure><\/div><div class=\"swiper-slide\" role=\"group\" aria-roledescription=\"slide\" aria-label=\"3 sur 6\"><figure class=\"swiper-slide-inner\"><img decoding=\"async\" class=\"swiper-slide-image\" src=\"https:\/\/cdtt34.fr\/wp-content\/uploads\/2023\/12\/REGLEMENT_TOURNOI_GIGEAN_modif_du_02_08_23_a_13h00-2-768x1086.png\" alt=\"REGLEMENT_TOURNOI_GIGEAN_modif_du_02_08_23_\u00e0_13h00-2\" \/><\/figure><\/div><div class=\"swiper-slide\" role=\"group\" aria-roledescription=\"slide\" aria-label=\"4 sur 6\"><figure class=\"swiper-slide-inner\"><img decoding=\"async\" class=\"swiper-slide-image\" src=\"https:\/\/cdtt34.fr\/wp-content\/uploads\/2023\/12\/REGLEMENT_TOURNOI_GIGEAN_modif_du_02_08_23_a_13h00-3-768x1086.png\" alt=\"REGLEMENT_TOURNOI_GIGEAN_modif_du_02_08_23_\u00e0_13h00-3\" \/><\/figure><\/div><div class=\"swiper-slide\" role=\"group\" aria-roledescription=\"slide\" aria-label=\"5 sur 6\"><figure class=\"swiper-slide-inner\"><img decoding=\"async\" class=\"swiper-slide-image\" src=\"https:\/\/cdtt34.fr\/wp-content\/uploads\/2023\/12\/REGLEMENT_TOURNOI_GIGEAN_modif_du_02_08_23_a_13h00-4-768x1086.png\" alt=\"REGLEMENT_TOURNOI_GIGEAN_modif_du_02_08_23_\u00e0_13h00-4\" \/><\/figure><\/div><div class=\"swiper-slide\" role=\"group\" aria-roledescription=\"slide\" aria-label=\"6 sur 6\"><figure class=\"swiper-slide-inner\"><img decoding=\"async\" class=\"swiper-slide-image\" src=\"https:\/\/cdtt34.fr\/wp-content\/uploads\/2023\/12\/TABLEAU-ENGAGEMENT-PDF1-1-768x543.png\" alt=\"TABLEAU ENGAGEMENT PDF1-1\" \/><\/figure><\/div>\t\t\t<\/div>\n\t\t\t\t\t\t\t\t\t\t\t\t<div class=\"elementor-swiper-button elementor-swiper-button-prev\" role=\"button\" tabindex=\"0\">\n\t\t\t\t\t\t<i aria-hidden=\"true\" class=\"eicon-chevron-left\"><\/i>\t\t\t\t\t<\/div>\n\t\t\t\t\t<div class=\"elementor-swiper-button elementor-swiper-button-next\" role=\"button\" tabindex=\"0\">\n\t\t\t\t\t\t<i aria-hidden=\"true\" class=\"eicon-chevron-right\"><\/i>\t\t\t\t\t<\/div>\n\t\t\t\t\n\t\t\t\t\t\t\t\t\t<\/div>\n\t\t\t\t\t\t<\/div>\n\t\t\t\t<\/div>\n\t\t\t\t\t<\/div>\n\t\t<\/div>\n\t\t\t\t\t<\/div>\n\t\t<\/section>\n\t\t\t\t<section class=\"elementor-section elementor-top-section elementor-element elementor-element-b19bc71 elementor-section-boxed elementor-section-height-default elementor-section-height-default\" data-id=\"b19bc71\" data-element_type=\"section\">\n\t\t\t\t\t\t<div class=\"elementor-container elementor-column-gap-default\">\n\t\t\t\t\t<div class=\"elementor-column elementor-col-33 elementor-top-column elementor-element elementor-element-d27a835\" data-id=\"d27a835\" data-element_type=\"column\">\n\t\t\t<div class=\"elementor-widget-wrap elementor-element-populated\">\n\t\t\t\t\t\t<div class=\"elementor-element elementor-element-a97ddf9 elementor-invisible elementor-widget elementor-widget-image\" data-id=\"a97ddf9\" data-element_type=\"widget\" data-settings=\"{&quot;_animation&quot;:&quot;zoomIn&quot;}\" data-widget_type=\"image.default\">\n\t\t\t\t<div class=\"elementor-widget-container\">\n\t\t\t\t\t\t\t\t\t\t\t\t\t\t\t<img decoding=\"async\" width=\"768\" height=\"1024\" src=\"https:\/\/cdtt34.fr\/wp-content\/uploads\/2023\/09\/373286814_649392087290953_4037020603624523648_n-768x1024.jpg\" class=\"attachment-large size-large wp-image-2875\" alt=\"\" srcset=\"https:\/\/cdtt34.fr\/wp-content\/uploads\/2023\/09\/373286814_649392087290953_4037020603624523648_n-768x1024.jpg 768w, https:\/\/cdtt34.fr\/wp-content\/uploads\/2023\/09\/373286814_649392087290953_4037020603624523648_n-225x300.jpg 225w, https:\/\/cdtt34.fr\/wp-content\/uploads\/2023\/09\/373286814_649392087290953_4037020603624523648_n-1152x1536.jpg 1152w, https:\/\/cdtt34.fr\/wp-content\/uploads\/2023\/09\/373286814_649392087290953_4037020603624523648_n.jpg 1500w\" sizes=\"(max-width: 768px) 100vw, 768px\" \/>\t\t\t\t\t\t\t\t\t\t\t\t\t\t\t<\/div>\n\t\t\t\t<\/div>\n\t\t\t\t\t<\/div>\n\t\t<\/div>\n\t\t\t\t<div class=\"elementor-column elementor-col-66 elementor-top-column elementor-element elementor-element-4a45286\" data-id=\"4a45286\" data-element_type=\"column\">\n\t\t\t<div class=\"elementor-widget-wrap elementor-element-populated\">\n\t\t\t\t\t\t<div class=\"elementor-element elementor-element-fba39e3 elementor-invisible elementor-widget elementor-widget-text-editor\" data-id=\"fba39e3\" data-element_type=\"widget\" data-settings=\"{&quot;_animation&quot;:&quot;zoomIn&quot;}\" data-widget_type=\"text-editor.default\">\n\t\t\t\t<div class=\"elementor-widget-container\">\n\t\t\t\t\t\t\t\t\t<h2>Nouvelle recrue !<\/h2><p>Nous sommes ravi\u00b7es d&rsquo;agrandir notre association et d&rsquo;accueillir dans nos effectifs Jamy, qui vient compl\u00e9ter la team avec nos salari\u00e9\u00b7es Cyrielle et Julien d\u00e9j\u00e0 sur le terrain depuis plusieurs ann\u00e9es maintenant !\u00a0<\/p><p>Jamy arrive tout droit de Douarnenez dans le Finist\u00e8re et va commencer sa formation BPJEPS mention \u00ab\u00a0tennis de table\u00a0\u00bb durant cette saison 2023\/2024, nous lui souhaitons la bienvenue dans notre belle r\u00e9gion du sud de la France et r\u00e9ussite pour l&rsquo;obtentin de son dipl\u00f4me d&rsquo;\u00e9ducateur.<\/p><p>Rattach\u00e9 au Comit\u00e9 d\u00e9partemental de tennis de table de l&rsquo;H\u00e9rault, les clubs pourront b\u00e9n\u00e9ficier de ses comp\u00e9tences tout au long de cette saison sportive.\u00a0<\/p><p><span class=\"x1xsqp64 xiy17q3 x1o6pynw x19co3pv xdj266r xcwd3tp xat24cr x39eecv x2b8uid\" data-testid=\"emoji\"><span class=\"xexx8yu xn5pp95 x18d9i69 x2fxd7x x1yqt14a x1bhl96m\">\ud83d\udce7 <\/span><\/span><em>jam.wohfar@gmail.com &#8211; Septembre 2023<\/em><\/p>\t\t\t\t\t\t\t\t<\/div>\n\t\t\t\t<\/div>\n\t\t\t\t\t<\/div>\n\t\t<\/div>\n\t\t\t\t\t<\/div>\n\t\t<\/section>\n\t\t\t\t<section class=\"elementor-section elementor-top-section elementor-element elementor-element-901b44e elementor-section-boxed elementor-section-height-default elementor-section-height-default\" data-id=\"901b44e\" data-element_type=\"section\">\n\t\t\t\t\t\t<div class=\"elementor-container elementor-column-gap-default\">\n\t\t\t\t\t<div class=\"elementor-column elementor-col-100 elementor-top-column elementor-element elementor-element-8d8b1bf\" data-id=\"8d8b1bf\" data-element_type=\"column\">\n\t\t\t<div class=\"elementor-widget-wrap elementor-element-populated\">\n\t\t\t\t\t\t<div class=\"elementor-element elementor-element-5214dfa elementor-widget elementor-widget-spacer\" data-id=\"5214dfa\" data-element_type=\"widget\" data-widget_type=\"spacer.default\">\n\t\t\t\t<div class=\"elementor-widget-container\">\n\t\t\t\t\t\t\t<div class=\"elementor-spacer\">\n\t\t\t<div class=\"elementor-spacer-inner\"><\/div>\n\t\t<\/div>\n\t\t\t\t\t\t<\/div>\n\t\t\t\t<\/div>\n\t\t\t\t\t<\/div>\n\t\t<\/div>\n\t\t\t\t\t<\/div>\n\t\t<\/section>\n\t\t\t\t<section class=\"elementor-section elementor-top-section elementor-element elementor-element-d62a6a2 elementor-section-boxed elementor-section-height-default elementor-section-height-default\" data-id=\"d62a6a2\" data-element_type=\"section\">\n\t\t\t\t\t\t<div class=\"elementor-container elementor-column-gap-default\">\n\t\t\t\t\t<div class=\"elementor-column elementor-col-100 elementor-top-column elementor-element elementor-element-9a649c8\" data-id=\"9a649c8\" data-element_type=\"column\">\n\t\t\t<div class=\"elementor-widget-wrap elementor-element-populated\">\n\t\t\t\t\t\t<div class=\"elementor-element elementor-element-fefdbc3 elementor-widget elementor-widget-spacer\" data-id=\"fefdbc3\" data-element_type=\"widget\" data-widget_type=\"spacer.default\">\n\t\t\t\t<div class=\"elementor-widget-container\">\n\t\t\t\t\t\t\t<div class=\"elementor-spacer\">\n\t\t\t<div class=\"elementor-spacer-inner\"><\/div>\n\t\t<\/div>\n\t\t\t\t\t\t<\/div>\n\t\t\t\t<\/div>\n\t\t\t\t\t<\/div>\n\t\t<\/div>\n\t\t\t\t\t<\/div>\n\t\t<\/section>\n\t\t\t\t<section class=\"elementor-section elementor-top-section elementor-element elementor-element-7070d53 elementor-section-boxed elementor-section-height-default elementor-section-height-default\" data-id=\"7070d53\" data-element_type=\"section\">\n\t\t\t\t\t\t<div class=\"elementor-container elementor-column-gap-default\">\n\t\t\t\t\t<div class=\"elementor-column elementor-col-100 elementor-top-column elementor-element elementor-element-ee7a978\" data-id=\"ee7a978\" data-element_type=\"column\">\n\t\t\t<div class=\"elementor-widget-wrap elementor-element-populated\">\n\t\t\t\t\t\t<div class=\"elementor-element elementor-element-59146f2 elementor-invisible elementor-widget elementor-widget-heading\" data-id=\"59146f2\" data-element_type=\"widget\" data-settings=\"{&quot;_animation&quot;:&quot;slideInLeft&quot;}\" data-widget_type=\"heading.default\">\n\t\t\t\t<div class=\"elementor-widget-container\">\n\t\t\t\t\t<h2 class=\"elementor-heading-title elementor-size-default\">50 ans ASM Gigean Tennis de Table<\/h2>\t\t\t\t<\/div>\n\t\t\t\t<\/div>\n\t\t\t\t<div class=\"elementor-element elementor-element-e9300b0 elementor-arrows-position-inside elementor-invisible elementor-widget elementor-widget-image-carousel\" data-id=\"e9300b0\" data-element_type=\"widget\" data-settings=\"{&quot;slides_to_show&quot;:&quot;2&quot;,&quot;navigation&quot;:&quot;arrows&quot;,&quot;_animation&quot;:&quot;slideInUp&quot;,&quot;autoplay&quot;:&quot;yes&quot;,&quot;pause_on_hover&quot;:&quot;yes&quot;,&quot;pause_on_interaction&quot;:&quot;yes&quot;,&quot;autoplay_speed&quot;:5000,&quot;infinite&quot;:&quot;yes&quot;,&quot;speed&quot;:500,&quot;image_spacing_custom&quot;:{&quot;unit&quot;:&quot;px&quot;,&quot;size&quot;:20,&quot;sizes&quot;:[]},&quot;image_spacing_custom_tablet&quot;:{&quot;unit&quot;:&quot;px&quot;,&quot;size&quot;:&quot;&quot;,&quot;sizes&quot;:[]},&quot;image_spacing_custom_mobile&quot;:{&quot;unit&quot;:&quot;px&quot;,&quot;size&quot;:&quot;&quot;,&quot;sizes&quot;:[]}}\" data-widget_type=\"image-carousel.default\">\n\t\t\t\t<div class=\"elementor-widget-container\">\n\t\t\t\t\t\t\t<div class=\"elementor-image-carousel-wrapper swiper\" role=\"region\" aria-roledescription=\"carousel\" aria-label=\"Carrousel d\u2019images\" dir=\"ltr\">\n\t\t\t<div class=\"elementor-image-carousel swiper-wrapper\" aria-live=\"off\">\n\t\t\t\t\t\t\t\t<div class=\"swiper-slide\" role=\"group\" aria-roledescription=\"slide\" aria-label=\"1 sur 3\"><a data-elementor-open-lightbox=\"yes\" data-elementor-lightbox-slideshow=\"e9300b0\" data-elementor-lightbox-title=\"354259897_573498234955594_570090757695602103_n\" data-e-action-hash=\"#elementor-action%3Aaction%3Dlightbox%26settings%3DeyJpZCI6MzM5MSwidXJsIjoiaHR0cHM6XC9cL2NkdHQzNC5mclwvd3AtY29udGVudFwvdXBsb2Fkc1wvMjAyM1wvMTBcLzM1NDI1OTg5N181NzM0OTgyMzQ5NTU1OTRfNTcwMDkwNzU3Njk1NjAyMTAzX24uanBnIiwic2xpZGVzaG93IjoiZTkzMDBiMCJ9\" href=\"https:\/\/www.facebook.com\/tennisdetablegigean\" target=\"_blank\"><figure class=\"swiper-slide-inner\"><img decoding=\"async\" class=\"swiper-slide-image\" src=\"https:\/\/cdtt34.fr\/wp-content\/uploads\/2023\/10\/354259897_573498234955594_570090757695602103_n.jpg\" alt=\"354259897_573498234955594_570090757695602103_n\" \/><\/figure><\/a><\/div><div class=\"swiper-slide\" role=\"group\" aria-roledescription=\"slide\" aria-label=\"2 sur 3\"><a data-elementor-open-lightbox=\"yes\" data-elementor-lightbox-slideshow=\"e9300b0\" data-elementor-lightbox-title=\"355003748_575856751386409_7175121738028434257_n\" data-e-action-hash=\"#elementor-action%3Aaction%3Dlightbox%26settings%3DeyJpZCI6MzM5MiwidXJsIjoiaHR0cHM6XC9cL2NkdHQzNC5mclwvd3AtY29udGVudFwvdXBsb2Fkc1wvMjAyM1wvMTBcLzM1NTAwMzc0OF81NzU4NTY3NTEzODY0MDlfNzE3NTEyMTczODAyODQzNDI1N19uLmpwZyIsInNsaWRlc2hvdyI6ImU5MzAwYjAifQ%3D%3D\" href=\"https:\/\/www.facebook.com\/tennisdetablegigean\" target=\"_blank\"><figure class=\"swiper-slide-inner\"><img decoding=\"async\" class=\"swiper-slide-image\" src=\"https:\/\/cdtt34.fr\/wp-content\/uploads\/2023\/10\/355003748_575856751386409_7175121738028434257_n.jpg\" alt=\"355003748_575856751386409_7175121738028434257_n\" \/><\/figure><\/a><\/div><div class=\"swiper-slide\" role=\"group\" aria-roledescription=\"slide\" aria-label=\"3 sur 3\"><a data-elementor-open-lightbox=\"yes\" data-elementor-lightbox-slideshow=\"e9300b0\" data-elementor-lightbox-title=\"355077466_575855604719857_1980011275984410196_n\" data-e-action-hash=\"#elementor-action%3Aaction%3Dlightbox%26settings%3DeyJpZCI6MzM5NywidXJsIjoiaHR0cHM6XC9cL2NkdHQzNC5mclwvd3AtY29udGVudFwvdXBsb2Fkc1wvMjAyM1wvMTBcLzM1NTA3NzQ2Nl81NzU4NTU2MDQ3MTk4NTdfMTk4MDAxMTI3NTk4NDQxMDE5Nl9uLmpwZyIsInNsaWRlc2hvdyI6ImU5MzAwYjAifQ%3D%3D\" href=\"https:\/\/www.facebook.com\/tennisdetablegigean\" target=\"_blank\"><figure class=\"swiper-slide-inner\"><img decoding=\"async\" class=\"swiper-slide-image\" src=\"https:\/\/cdtt34.fr\/wp-content\/uploads\/2023\/10\/355077466_575855604719857_1980011275984410196_n.jpg\" alt=\"355077466_575855604719857_1980011275984410196_n\" \/><\/figure><\/a><\/div>\t\t\t<\/div>\n\t\t\t\t\t\t\t\t\t\t\t\t<div class=\"elementor-swiper-button elementor-swiper-button-prev\" role=\"button\" tabindex=\"0\">\n\t\t\t\t\t\t<i aria-hidden=\"true\" class=\"eicon-chevron-left\"><\/i>\t\t\t\t\t<\/div>\n\t\t\t\t\t<div class=\"elementor-swiper-button elementor-swiper-button-next\" role=\"button\" tabindex=\"0\">\n\t\t\t\t\t\t<i aria-hidden=\"true\" class=\"eicon-chevron-right\"><\/i>\t\t\t\t\t<\/div>\n\t\t\t\t\n\t\t\t\t\t\t\t\t\t<\/div>\n\t\t\t\t\t\t<\/div>\n\t\t\t\t<\/div>\n\t\t\t\t\t<\/div>\n\t\t<\/div>\n\t\t\t\t\t<\/div>\n\t\t<\/section>\n\t\t\t\t<section class=\"elementor-section elementor-top-section elementor-element elementor-element-4c6c44c elementor-section-boxed elementor-section-height-default elementor-section-height-default\" data-id=\"4c6c44c\" data-element_type=\"section\">\n\t\t\t\t\t\t<div class=\"elementor-container elementor-column-gap-default\">\n\t\t\t\t\t<div class=\"elementor-column elementor-col-100 elementor-top-column elementor-element elementor-element-337c14f\" data-id=\"337c14f\" data-element_type=\"column\">\n\t\t\t<div class=\"elementor-widget-wrap elementor-element-populated\">\n\t\t\t\t\t\t<div class=\"elementor-element elementor-element-ee60f1d elementor-widget elementor-widget-spacer\" data-id=\"ee60f1d\" data-element_type=\"widget\" data-widget_type=\"spacer.default\">\n\t\t\t\t<div class=\"elementor-widget-container\">\n\t\t\t\t\t\t\t<div class=\"elementor-spacer\">\n\t\t\t<div class=\"elementor-spacer-inner\"><\/div>\n\t\t<\/div>\n\t\t\t\t\t\t<\/div>\n\t\t\t\t<\/div>\n\t\t\t\t\t<\/div>\n\t\t<\/div>\n\t\t\t\t\t<\/div>\n\t\t<\/section>\n\t\t\t\t<section class=\"elementor-section elementor-top-section elementor-element elementor-element-7b42168 elementor-section-boxed elementor-section-height-default elementor-section-height-default\" data-id=\"7b42168\" data-element_type=\"section\">\n\t\t\t\t\t\t<div class=\"elementor-container elementor-column-gap-default\">\n\t\t\t\t\t<div class=\"elementor-column elementor-col-66 elementor-top-column elementor-element elementor-element-1bee31f\" data-id=\"1bee31f\" data-element_type=\"column\">\n\t\t\t<div class=\"elementor-widget-wrap elementor-element-populated\">\n\t\t\t\t\t\t<div class=\"elementor-element elementor-element-f79650d elementor-invisible elementor-widget elementor-widget-image\" data-id=\"f79650d\" data-element_type=\"widget\" data-settings=\"{&quot;_animation&quot;:&quot;bounceInLeft&quot;}\" data-widget_type=\"image.default\">\n\t\t\t\t<div class=\"elementor-widget-container\">\n\t\t\t\t\t\t\t\t\t\t\t\t\t\t\t<img decoding=\"async\" width=\"1024\" height=\"578\" src=\"https:\/\/cdtt34.fr\/wp-content\/uploads\/2023\/10\/373347575_958407688578394_6511223643865748666_n-1024x578.jpg\" class=\"attachment-large size-large wp-image-3596\" alt=\"\" srcset=\"https:\/\/cdtt34.fr\/wp-content\/uploads\/2023\/10\/373347575_958407688578394_6511223643865748666_n-1024x578.jpg 1024w, https:\/\/cdtt34.fr\/wp-content\/uploads\/2023\/10\/373347575_958407688578394_6511223643865748666_n-300x169.jpg 300w, https:\/\/cdtt34.fr\/wp-content\/uploads\/2023\/10\/373347575_958407688578394_6511223643865748666_n-768x433.jpg 768w, https:\/\/cdtt34.fr\/wp-content\/uploads\/2023\/10\/373347575_958407688578394_6511223643865748666_n.jpg 1125w\" sizes=\"(max-width: 1024px) 100vw, 1024px\" \/>\t\t\t\t\t\t\t\t\t\t\t\t\t\t\t<\/div>\n\t\t\t\t<\/div>\n\t\t\t\t\t<\/div>\n\t\t<\/div>\n\t\t\t\t<div class=\"elementor-column elementor-col-33 elementor-top-column elementor-element elementor-element-be6e864\" data-id=\"be6e864\" data-element_type=\"column\">\n\t\t\t<div class=\"elementor-widget-wrap elementor-element-populated\">\n\t\t\t\t\t\t<div class=\"elementor-element elementor-element-6a83399 elementor-invisible elementor-widget elementor-widget-text-editor\" data-id=\"6a83399\" data-element_type=\"widget\" data-settings=\"{&quot;_animation&quot;:&quot;bounceInLeft&quot;}\" data-widget_type=\"text-editor.default\">\n\t\t\t\t<div class=\"elementor-widget-container\">\n\t\t\t\t\t\t\t\t\t<h3>S\u00e9minaire FFTT\u00a0<\/h3><p>Trois jours d&rsquo;\u00e9changes et de rencontres avec les cadres techniques et les salari\u00e9\u00b7es de notre territoire national.<\/p><p>R\u00e9flexions et d\u00e9bats notamment autour des formations, nouvelles pratiques, \u00e9volutions du sport en France, pr\u00e9sentation d&rsquo;une r\u00e9forme comp\u00e9tition &#8230;<\/p><p>Retour avec de nouvelles id\u00e9es pour nos salari\u00e9\u00b7es et derni\u00e8re ligne droite dans cette saison 2022\/2023<\/p>\t\t\t\t\t\t\t\t<\/div>\n\t\t\t\t<\/div>\n\t\t\t\t\t<\/div>\n\t\t<\/div>\n\t\t\t\t\t<\/div>\n\t\t<\/section>\n\t\t\t\t<\/div>\n\t\t","protected":false},"excerpt":{"rendered":"<p>The last dance &#8230; Il est temps pour moi de vous annoncer mon d\u00e9part du Comit\u00e9 D\u00e9partemental apr\u00e8s cette belle soir\u00e9e Dark Ping, je rends les cl\u00e9s du bureau et m\u2019envole pour de nouvelles aventures ! Merci pour ces trois saisons \u00e0 vos c\u00f4t\u00e9s, c\u2019\u00e9tait un plaisir de partager l\u2019actualit\u00e9 pongiste, d\u2019interagir avec vous, d\u2019organiser&hellip;&nbsp;<a href=\"https:\/\/cdtt34.fr\/index.php\/actualite\/\" class=\"\" rel=\"bookmark\">Lire la suite &raquo;<span class=\"screen-reader-text\">ACTUALIT\u00c9<\/span><\/a><\/p>\n","protected":false},"author":1,"featured_media":1690,"parent":0,"menu_order":0,"comment_status":"closed","ping_status":"closed","template":"","meta":{"neve_meta_sidebar":"","neve_meta_container":"","neve_meta_enable_content_width":"","neve_meta_content_width":0,"neve_meta_title_alignment":"","neve_meta_author_avatar":"","neve_post_elements_order":"","neve_meta_disable_header":"","neve_meta_disable_footer":"","neve_meta_disable_title":"","footnotes":""},"class_list":["post-1391","page","type-page","status-publish","has-post-thumbnail","hentry"],"_links":{"self":[{"href":"https:\/\/cdtt34.fr\/index.php\/wp-json\/wp\/v2\/pages\/1391","targetHints":{"allow":["GET"]}}],"collection":[{"href":"https:\/\/cdtt34.fr\/index.php\/wp-json\/wp\/v2\/pages"}],"about":[{"href":"https:\/\/cdtt34.fr\/index.php\/wp-json\/wp\/v2\/types\/page"}],"author":[{"embeddable":true,"href":"https:\/\/cdtt34.fr\/index.php\/wp-json\/wp\/v2\/users\/1"}],"replies":[{"embeddable":true,"href":"https:\/\/cdtt34.fr\/index.php\/wp-json\/wp\/v2\/comments?post=1391"}],"version-history":[{"count":51,"href":"https:\/\/cdtt34.fr\/index.php\/wp-json\/wp\/v2\/pages\/1391\/revisions"}],"predecessor-version":[{"id":4688,"href":"https:\/\/cdtt34.fr\/index.php\/wp-json\/wp\/v2\/pages\/1391\/revisions\/4688"}],"wp:featuredmedia":[{"embeddable":true,"href":"https:\/\/cdtt34.fr\/index.php\/wp-json\/wp\/v2\/media\/1690"}],"wp:attachment":[{"href":"https:\/\/cdtt34.fr\/index.php\/wp-json\/wp\/v2\/media?parent=1391"}],"curies":[{"name":"wp","href":"https:\/\/api.w.org\/{rel}","templated":true}]}}